{"id":16,"date":"2016-09-26T16:33:24","date_gmt":"2016-09-26T16:33:24","guid":{"rendered":"http:\/\/www.rewitalizacjakalisz.pl\/?page_id=16"},"modified":"2018-10-02T10:51:14","modified_gmt":"2018-10-02T08:51:14","slug":"konsultacje","status":"publish","type":"page","link":"https:\/\/rewitalizacjakalisz.pl\/?page_id=16","title":{"rendered":"Konsultacje spo\u0142eczne"},"content":{"rendered":"<div class=\"su-accordion su-u-trim\">\n<div class=\"su-spoiler su-spoiler-style-default su-spoiler-icon-plus su-spoiler-closed\" data-scroll-offset=\"0\" data-anchor-in-url=\"no\"><div class=\"su-spoiler-title\" tabindex=\"0\" role=\"button\"><span class=\"su-spoiler-icon\"><\/span>Ustanowienie Specjalnej Strefy Rewitalizacji na Obszarze Rewitalizacji Miasta Kalisza<\/div><div class=\"su-spoiler-content su-u-clearfix su-u-trim\">Konsultacje by\u0142y prowadzone na podstawie <a href=\"https:\/\/www.bip.kalisz.pl\/\/ogloszenia\/konsultacje\/252zarz2018.pdf\">Zarz\u0105dzenia\u00a0 nr 252\/2018 Prezydenta Miasta Kalisza z dnia 11 kwietnia 2018 r.<\/a>\u00a0(zmienionego <a href=\"https:\/\/www.bip.kalisz.pl\/\/ogloszenia\/konsultacje\/ks1204.pdf\">Zarz\u0105dzeniem nr 254\/2018<\/a>) w dniach od 18 kwietnia 2018 r. do 9 maja 2018 r.<\/p>\n<p>Celem konsultacji by\u0142o zebranie uwag, opinii i propozycji dotycz\u0105cych projektu uchwa\u0142y Rady Miasta Kalisza w sprawie ustanowienia na obszarze rewitalizacji Miasta Kalisza Specjalnej Strefy Rewitalizacji.<\/p>\n<p>Konsultacje by\u0142y prowadzone w trzech formach:<\/p>\n<ol>\n<li>Otwartego spotkania informacyjnego z interesariuszami rewitalizacji, kt\u00f3re odby\u0142o si\u0119 w dniu 24 kwietnia 2018 r. (wtorek) w ratuszu (G\u0142\u00f3wny Rynek 20), sala nr 38 o godzinie 17.00.<\/li>\n<li>Zbierania uwag, propozycji i opinii z wykorzystaniem formularza konsultacyjnego.<\/li>\n<li>Zbieranie uwag ustnych &#8211; w dni robocze przez ca\u0142y okres trwania konsultacji tj. od 18 kwietnia 2018 r. do 9 maja 2018 r. w Biurze Rewitalizacji w pokoju nr 11 (parter) budynku ratusza.<\/li>\n<\/ol>\n<p>Ze szczeg\u00f3\u0142ami oraz wynikami konsultacji mo\u017cna zapozna\u0107 si\u0119 <a href=\"https:\/\/www.bip.kalisz.pl\/\/ogloszenia\/konsultacje\/inf1604.pdf\"><strong>tutaj<\/strong><\/a>. <\/div><\/div>\n<div class=\"su-spoiler su-spoiler-style-default su-spoiler-icon-plus su-spoiler-closed\" data-scroll-offset=\"0\" data-anchor-in-url=\"no\"><div class=\"su-spoiler-title\" tabindex=\"0\" role=\"button\"><span class=\"su-spoiler-icon\"><\/span>Projekt zmiany Gminnego programu rewitalizacji Miasta Kalisza<\/div><div class=\"su-spoiler-content su-u-clearfix su-u-trim\">Konsultacje by\u0142y prowadzone zgodnie z Ustaw\u0105 o rewitalizacji w dniach od 29 grudnia 2017 roku do 29 stycznia 2018 roku.<\/p>\n<p>Podstaw\u0105 konsultacji by\u0142o\u00a0<a href=\"https:\/\/bip.kalisz.pl\/\/ogloszenia\/zarz\/800zarz2017.pdf\">Zarz\u0105dzenie Nr 800\/2017 Prezydenta Miasta Kalisza z dnia 21 grudnia 2017 r.<\/a><\/p>\n<p>Celem konsultacji by\u0142o zebranie uwag, opinii i propozycji dotycz\u0105cych projektu zmiany Gminnego Programu Rewitalizacji Miasta Kalisza.<\/p>\n<p>Konsultacje prowadzone by\u0142y w czterech formach:<\/p>\n<ol>\n<li>Spotkania otwartego z interesariuszami rewitalizacji, kt\u00f3re odby\u0142o si\u0119 w dniu 9 stycznia 2018 roku w Sali nr 36 w Ratuszu. Z informacj\u0105 podsumowuj\u0105c\u0105 to spotkanie mo\u017cna zapozna\u0107 si\u0119 <a href=\"http:\/\/www.rewitalizacjakalisz.pl\/wp-content\/uploads\/2018\/01\/Informacja-podsumowuj\u0105ca-spotkanie-otwarte.pdf\"><strong>tutaj<\/strong><\/a>.<\/li>\n<li>Warsztat\u00f3w, kt\u00f3re odby\u0142y si\u0119 w dniu 18 stycznia 2018 roku w Sali nr 36 w Ratuszu. Z podsumowaniem warsztat\u00f3w mo\u017cna zapozna\u0107 si\u0119 <a href=\"http:\/\/www.rewitalizacjakalisz.pl\/wp-content\/uploads\/2018\/01\/Podsumowanie-przebiegu-warsztat\u00f3w.pdf\"><strong>tutaj<\/strong><\/a>.<\/li>\n<li>Zbierania uwag, propozycji i opinii z wykorzystaniem formularza konsultacyjnego.<\/li>\n<li>Zbierania uwag ustnych w dni robocze przez ca\u0142y okres trwania konsultacji w Biurze Rewitalizacji.<\/li>\n<\/ol>\n<p>Ze szczeg\u00f3\u0142ami oraz wynikami konsultacji mo\u017cna zapozna\u0107 si\u0119 <a href=\"http:\/\/www.rewitalizacjakalisz.pl\/wp-content\/uploads\/2018\/02\/Podsumowanie-konsultacji-spo%C5%82ecznych.pdf\"><span style=\"text-decoration: underline;\"><strong>tutaj<\/strong><\/span><\/a>.<\/div><\/div>\n<div class=\"su-spoiler su-spoiler-style-default su-spoiler-icon-plus su-spoiler-closed\" data-scroll-offset=\"0\" data-anchor-in-url=\"no\"><div class=\"su-spoiler-title\" tabindex=\"0\" role=\"button\"><span class=\"su-spoiler-icon\"><\/span>Projekt Gminnego programu rewitalizacji wraz z prognoz\u0105 oddzia\u0142ywania na \u015brodowisko<\/div><div class=\"su-spoiler-content su-u-clearfix su-u-trim\">Konsultacje by\u0142y prowadzone zgodnie z Ustaw\u0105 o rewitalizacji w dniach od 18 kwietnia do 18 maja.<\/p>\n<p>Podstaw\u0105 konsultacji by\u0142o <a href=\"http:\/\/bip.kalisz.pl\/ogloszenia\/zarz\/214zarz2017.pdf\"><strong>Zarz\u0105dzenie Nr 214\/2017 Prezydenta Miasta Kalisza z dnia 11 kwietnia 2017 r<\/strong>.<\/a><\/p>\n<p>Celem konsultacji by\u0142o zebranie uwag, opinii i propozycji dotycz\u0105cych projektu Gminnego Programu Rewitalizacji oraz prognozy oddzia\u0142ywania na \u015brodowisko tego dokumentu.<\/p>\n<p>Konsultacje prowadzone by\u0142y w czterech formach:<\/p>\n<ol>\n<li>Spotkania otwartego z interesariuszami rewitalizacji, kt\u00f3re odby\u0142o si\u0119 w dniu 20 kwietnia 2017 roku w III Liceum Og\u00f3lnokszta\u0142c\u0105cym im. M. Kopernika. Z informacj\u0105 podsumowuj\u0105c\u0105 to spotkanie mo\u017cna zapozna\u0107 si\u0119 <a href=\"http:\/\/bip.kalisz.pl\/ogloszenia\/konsultacje\/si2005.pdf\"><strong>tutaj<\/strong><\/a>.<\/li>\n<li>Warsztat\u00f3w, kt\u00f3re odby\u0142y si\u0119 w dniu 9 maja 2017 roku w I Liceum Og\u00f3lnokszta\u0142c\u0105cym im. A. Asnyka. Z informacj\u0105 podsumowuj\u0105c\u0105 warsztaty mo\u017cna zapozna\u0107 si\u0119 <a href=\"http:\/\/www.rewitalizacjakalisz.pl\/wp-content\/uploads\/2018\/01\/2205pw.pdf\"><span style=\"text-decoration: underline;\"><strong>tutaj<\/strong><\/span><\/a>.<\/li>\n<li>Zbierania uwag, propozycji i opinii z wykorzystaniem formularza konsultacyjnego.<\/li>\n<li>Zbierania uwag ustnych:\n<ul>\n<li>w ramach punkt\u00f3w konsultacyjnych, kt\u00f3re odby\u0142y si\u0119 w dniach 22.04.2017 r. w Parku Miejskim (<strong><a href=\"http:\/\/www.rewitalizacjakalisz.pl\/wp-content\/uploads\/2016\/09\/2017.04.22.-Podsumowanie_punkt-konsultacyjny.pdf\">informacja podsumowuj\u0105ca z tej formy konsultacyjnej<\/a><\/strong>) oraz w dniu 11.05.2017 r. na kaliskim deptaku.<\/li>\n<li>w dni robocze przez ca\u0142y okres trwania konsultacji w Biurze Rewitalizacji.<\/li>\n<\/ul>\n<\/li>\n<\/ol>\n<p>Ze szczeg\u00f3\u0142ami oraz wynikami konsultacji mo\u017cna zapozna\u0107 si\u0119 <a href=\"http:\/\/www.rewitalizacjakalisz.pl\/wp-content\/uploads\/2018\/01\/gpr0706.pdf\"><span style=\"text-decoration: underline;\"><strong>tutaj<\/strong><\/span><\/a>.<\/div><\/div>\n<div class=\"su-spoiler su-spoiler-style-default su-spoiler-icon-plus su-spoiler-closed\" data-scroll-offset=\"0\" data-anchor-in-url=\"no\"><div class=\"su-spoiler-title\" tabindex=\"0\" role=\"button\"><span class=\"su-spoiler-icon\"><\/span>Zasady wyznaczania i zasady dzia\u0142ania Komitetu Rewitalizacji<\/div><div class=\"su-spoiler-content su-u-clearfix su-u-trim\">Konsultacje zosta\u0142y przeprowadzone zgodnie z Ustaw\u0105 o rewitalizacji w dniach od 18 pa\u017adziernika do 14 listopada 2016 roku.<\/p>\n<p>Podstaw\u0105 konsultacji by\u0142o <strong><a href=\"http:\/\/bip.kalisz.pl\/ogloszenia\/konsultacje\/569zarz2016.pdf\">Zarz\u0105dzenie Nr 569\/2016 Prezydenta Miasta Kalisza z dnia 11 pa\u017adziernika 2016r<\/a><\/strong>.<\/p>\n<p>Celem konsultacji by\u0142o zebranie uwag, opinii i propozycji dotycz\u0105cych projektu uchwa\u0142y Rady Miejskiej Kalisza w sprawie zasad wyznaczania sk\u0142adu oraz zasad dzia\u0142ania Komitetu Rewitalizacji.<\/p>\n<p>Konsultacje by\u0142y prowadzone w czterech formach:<\/p>\n<ol>\n<li>Zbierania uwag, propozycji i opinii z wykorzystaniem formularza konsultacyjnego.<\/li>\n<li>\n<div data-canvas-width=\"115.50000000000001\">\n<div data-canvas-width=\"325.8088\">Spotkania otwartego z interesariuszami rewitalizacji, maj\u0105cego na celu om\u00f3wienie propozycji zasad wyznaczania sk\u0142adu oraz zasad dzia\u0142ania Komitetu Rewitalizacji i przeprowadzenie dyskusji w tej sprawie. Z informacj\u0105 podsumowuj\u0105c\u0105 to spotkanie mo\u017cna zapozna\u0107 si\u0119 <strong><a href=\"http:\/\/bip.kalisz.pl\/ogloszenia\/konsultacje\/img091.pdf\">tutaj<\/a><\/strong>.<\/div>\n<\/div>\n<\/li>\n<li>\n<div data-canvas-width=\"233.22000000000006\">Zbierania uwag, propozycji i opinii w postaci papierowej z wykorzystaniem formularza konsultacyjnego skierowanego do grup przedstawicielskich<strong>.<\/strong><\/div>\n<\/li>\n<li>Zbierania uwag ustnych do protoko\u0142u.<\/li>\n<\/ol>\n<p>Ze szczeg\u00f3\u0142ami oraz wynikami z konsultacji mo\u017cna zapozna\u0107 si\u0119 <strong><a href=\"http:\/\/bip.kalisz.pl\/ogloszenia\/konsultacje\/inf1811.pdf\">tutaj<\/a><\/strong>.<\/div><\/div>\n<div class=\"su-spoiler su-spoiler-style-default su-spoiler-icon-plus su-spoiler-closed\" data-scroll-offset=\"0\" data-anchor-in-url=\"no\"><div class=\"su-spoiler-title\" tabindex=\"0\" role=\"button\"><span class=\"su-spoiler-icon\"><\/span>G\u0142\u00f3wny Rynek mo\u017cliwo\u015bci<\/div><div class=\"su-spoiler-content su-u-clearfix su-u-trim\">Konsultacje zosta\u0142y przeprowadzone przed planowan\u0105 modernizacj\u0105 p\u0142yty G\u0142\u00f3wnego Rynku. Odby\u0142y si\u0119 one w dniach 31 maja &#8211; 14 czerwca 2016 roku.<\/p>\n<p>Konsultacje by\u0142y prowadzone w trzech formach:<\/p>\n<ol>\n<li>Udzielenie odpowiedzi na pytania postawione w\u00a0ankiecie elektronicznej \u2013 do 10.06.2016 r. oraz papierowej \u2013 do 12.06.2016 roku.<\/li>\n<li>Mobilne Punkty Konsultacyjne: 28 \u2013 29.05.2016 r. \u2013 Park Miejski (Weekend z NGO); 2 i 7.06.2016 r. \u2013 G\u0142\u00f3wny Rynek.<\/li>\n<li>Warsztat \u2013 14.06.2016 r., g. 17.00.<\/li>\n<\/ol>\n<p>Ze szczeg\u00f3\u0142ami oraz wynikami z konsultacji mo\u017cna zapozna\u0107 si\u0119 <strong><a href=\"http:\/\/www.rewitalizacjakalisz.pl\/wp-content\/uploads\/2016\/09\/G\u0142\u00f3wny-Rynek-mo\u017cliwo\u015bci.pdf\">tutaj<\/a><\/strong>.<\/div><\/div>\n<div class=\"su-spoiler su-spoiler-style-default su-spoiler-icon-plus su-spoiler-closed\" data-scroll-offset=\"0\" data-anchor-in-url=\"no\"><div class=\"su-spoiler-title\" tabindex=\"0\" role=\"button\"><span class=\"su-spoiler-icon\"><\/span>W granicach rewitalizacji<\/div><div class=\"su-spoiler-content su-u-clearfix su-u-trim\">Konsultacje zosta\u0142y przeprowadzone na podstawie Ustawy o rewitalizacji w dniach od 6 maja do 6 czerwca 2016 roku.<\/p>\n<div data-canvas-width=\"322.99999999999994\">Celem konsultacji by\u0142o zebranie uwag, opinii i propozycji dotycz\u0105cych projektu uchwa\u0142y Rady Miejskiej Kalisza w sprawie wyznaczenia obszaru zdegradowanego i obszaru rewitalizacji miasta Kalisza. Obszar zdegradowany i obszar rewitalizacji zosta\u0142y wyznaczone przez przeprowadzenie analiz w ramach <strong><a href=\"http:\/\/www.rewitalizacjakalisz.pl\/wp-content\/uploads\/2016\/09\/Za\u0142.-2.-Diagnoza-delimitacja-obszaru-zdegradowanego-oraz-obszaru-rewitalizacji.pdf\">diagnozy &#8211; delimitacji obszaru zdegradowanego i obszaru rewitalizacji<\/a><\/strong>.<\/div>\n<p>Konsultacje by\u0142y prowadzone w czterech formach:<\/p>\n<ol>\n<li>Zbierania uwag, propozycji i opinii z wykorzystaniem formularza konsultacyjnego.<\/li>\n<li>\n<div data-canvas-width=\"115.50000000000001\">Spotkania otwartego z interesariuszami rewitalizacji, maj\u0105cego na celu om\u00f3wienie propozycji wyznaczenia obszaru zdegradowanego i obszaru rewitalizacji miasta Kalisza, a tak\u017ce wyra\u017cenie uwag, opinii i propozycji interesariuszy oraz sk\u0142adanie ich do protoko\u0142u. Z podsumowaniem z niniejszego spotkania mo\u017cna zapozna\u0107 si\u0119 <strong><a href=\"http:\/\/bip.kalisz.pl\/konsultacje\/podsumowanie_spotkania.pdf\">tutaj<\/a><\/strong>.<\/div>\n<\/li>\n<li>\n<div data-canvas-width=\"233.22000000000006\">Warsztat\u00f3w dla reprezentatywnych grup interesariuszy rewitalizacji po\u0142\u0105czonych z prezentacj\u0105 diagnozy i delimitacji obszaru zdegradowanego i obszaru rewitalizacji miasta Kalisza i dyskusj\u0105. Z podsumowaniem z warsztat\u00f3w mo\u017cna zapozna\u0107 si\u0119 <strong><a href=\"http:\/\/bip.kalisz.pl\/konsultacje\/podsumowanie_warsztaty.pdf\">tutaj.<\/a><\/strong><\/div>\n<\/li>\n<li>Zbierania uwag ustnych do protoko\u0142u.<\/li>\n<\/ol>\n<p>Ze szczeg\u00f3\u0142ami oraz wynikami konsultacji mo\u017cna zapozna\u0107 si\u0119 <strong><a href=\"http:\/\/bip.kalisz.pl\/konsultacje\/zestawienie_uwag_konsultacje.pdf\">tutaj<\/a><\/strong>.<\/p>\n<p>Z Uchwa\u0142\u0105 nr XXV\/313\/2016 Rady Miejskiej Kalisza z dnia 21 czerwca 2016 r. w sprawie wyznaczenia obszaru zdegradowanego i obszaru rewitalizacji Miasta Kalisza mo\u017cna zapozna\u0107 si\u0119 <strong><a href=\"http:\/\/bip.kalisz.pl\/uchwaly\/2016_25_313.pdf\">tutaj<\/a><\/strong>.<\/div><\/div>\n<div class=\"su-spoiler su-spoiler-style-default su-spoiler-icon-plus su-spoiler-closed\" data-scroll-offset=\"0\" data-anchor-in-url=\"no\"><div class=\"su-spoiler-title\" tabindex=\"0\" role=\"button\"><span class=\"su-spoiler-icon\"><\/span>W dobrym nastroju - Planty Miejskie oraz skwer z fontann\u0105 przy pl. J. Kili\u0144skiego <\/div><div class=\"su-spoiler-content su-u-clearfix su-u-trim\">Konsultacje zosta\u0142y przeprowadzone przed planowan\u0105 przebudow\u0105 skweru z fontann\u0105 przy placu Jana Kili\u0144skiego oraz Plant Miejskich. Odby\u0142y si\u0119 one w dniach 16-30 marca 2016 roku.<\/p>\n<p>Konsultacje by\u0142y prowadzone w trzech formach:<\/p>\n<ol>\n<li>Udzielenie odpowiedzi na pytania postawione w ankiecie \/elektroniczna i papierowa\/<\/li>\n<li>Spotkanie robocze \/17 marca\/ dotycz\u0105ce przebudowy skweru z fontann\u0105 przy placu Kili\u0144skiego \u2013 warsztaty dla reprezentatywnych grup mieszka\u0144c\u00f3w zainteresowanych tematyk\u0105 konsultacji po\u0142\u0105czone ze specjalistycznymi prezentacjami i dyskusj\u0105.<\/li>\n<li>Spacer badawczy \/19 marca\/ dotycz\u0105cy przebudowy Plant Miejskich \u2013 zebranie uwag, opinii i propozycji mieszka\u0144c\u00f3w podczas wsp\u00f3lnego przej\u015bcia Plantami Miejskimi.<\/li>\n<\/ol>\n<p>Ze szczeg\u00f3\u0142ami oraz wynikami konsultacji mo\u017cna zapozna\u0107 si\u0119 <a href=\"http:\/\/www.rewitalizacjakalisz.pl\/wp-content\/uploads\/2016\/09\/W-dobrym-nastroju.pdf\"><strong>tutaj<\/strong>.<\/a><\/div><\/div>\n<div class=\"su-spoiler su-spoiler-style-default su-spoiler-icon-plus su-spoiler-closed\" data-scroll-offset=\"0\" data-anchor-in-url=\"no\"><div class=\"su-spoiler-title\" tabindex=\"0\" role=\"button\"><span class=\"su-spoiler-icon\"><\/span>Po drodze do parku - ul. Browarna i ul. Piekarska<\/div><div class=\"su-spoiler-content su-u-clearfix su-u-trim\">Konsultacje zosta\u0142y przeprowadzone przed planowan\u0105 modernizacj\u0105 nawierzchni ulic Browarnej oraz Piekarskiej. S\u0105 to ulice szczeg\u00f3lnie wa\u017cne w tej cz\u0119\u015bci kaliskiego \u015br\u00f3dmie\u015bcia, poniewa\u017c \u0142\u0105cz\u0105 G\u0142\u00f3wny Rynek z Parkiem Miejskim. Konsultacje zosta\u0142y przeprowadzone w dniach 7-14 marca 2016 roku.<\/p>\n<p>Konsultacje prowadzony by\u0142y w dw\u00f3ch formach:<\/p>\n<ol>\n<li>Udzielenie odpowiedzi na pytania postawione w ankiecie \/elektroniczna i papierowa\/.<\/li>\n<li>Dwa spacery badawcze \/8 i 12 marca\/ \u2013 zebranie opinii i propozycji mieszka\u0144c\u00f3w podczas wsp\u00f3lnego przej\u015bcia ulicami: Browarn\u0105 i Piekarsk\u0105 na odcinkach przeznaczonych do modernizacji.<\/li>\n<\/ol>\n<p>Ze szczeg\u00f3\u0142ami oraz z wynikami konsultacji mo\u017cna zapozna\u0107 si\u0119 <a href=\"http:\/\/www.rewitalizacjakalisz.pl\/wp-content\/uploads\/2016\/09\/Po-drodze-do-parku-Raport.pdf\"><strong>tutaj<\/strong>.<\/a><\/div><\/div>\n<div class=\"su-spoiler su-spoiler-style-default su-spoiler-icon-plus su-spoiler-closed\" data-scroll-offset=\"0\" data-anchor-in-url=\"no\"><div class=\"su-spoiler-title\" tabindex=\"0\" role=\"button\"><span class=\"su-spoiler-icon\"><\/span>Ziele\u0144 wraca na plac \u015awi\u0119tego J\u00f3zefa<\/div><div class=\"su-spoiler-content su-u-clearfix su-u-trim\">Konsultacje zosta\u0142y przeprowadzone w ramach realizacji projektu Bud\u017cetu Obywatelskiego. Badanie ankietowe zosta\u0142o przygotowane w Zespole ds. Rewitalizacji we wsp\u00f3\u0142pracy z Wnioskodawcami zadania z Bud\u017cetu Obywatelskiego. Zagadnieniami, kt\u00f3re poruszono w ankiecie by\u0142y: stylistyka projektowanych element\u00f3w, forma i ilo\u015b\u0107 zieleni, forma elementu wodnego, propozycje ma\u0142ej architektury, liczba miejsc parkingowych, przej\u015bcia dla pieszych. Konsultacje zosta\u0142y przeprowadzone w dniach 23 grudnia 2015 roku &#8211; 5 stycznia 2016 roku przez Krzysztofa Zientala g\u0142\u00f3wnego specjalist\u0119 ds. rewitalizacji.<\/p>\n<p>Konsultacje prowadzony by\u0142y w formie odpowiedzi na pytania postawione w ankiecie \/elektroniczna i papierowa\/<\/p>\n<p>Ze szczeg\u00f3\u0142ami oraz z wynikami konsultacji mo\u017cna zapozna\u0107 si\u0119 <a href=\"http:\/\/www.rewitalizacjakalisz.pl\/wp-content\/uploads\/2016\/09\/Ziele\u0144-wraca-na-plac-\u015bw.-J\u00f3zefa_wyniki-ankiet.pdf\"><strong>tutaj<\/strong>.<\/a><\/div><\/div>\n<\/div>\n","protected":false},"excerpt":{"rendered":"","protected":false},"author":1,"featured_media":0,"parent":0,"menu_order":0,"comment_status":"closed","ping_status":"closed","template":"","meta":{"footnotes":""},"class_list":["post-16","page","type-page","status-publish","hentry"],"yoast_head":"<!-- This site is optimized with the Yoast SEO plugin v27.2 - https:\/\/yoast.com\/product\/yoast-seo-wordpress\/ -->\n<title>Konsultacje spo\u0142eczne - Rewitalizacja Kalisz<\/title>\n<meta name=\"robots\" content=\"index, follow, max-snippet:-1, max-image-preview:large, max-video-preview:-1\" \/>\n<link rel=\"canonical\" href=\"https:\/\/rewitalizacjakalisz.pl\/?page_id=16\" \/>\n<meta property=\"og:locale\" content=\"pl_PL\" \/>\n<meta property=\"og:type\" content=\"article\" \/>\n<meta property=\"og:title\" content=\"Konsultacje spo\u0142eczne - Rewitalizacja Kalisz\" \/>\n<meta property=\"og:url\" content=\"https:\/\/rewitalizacjakalisz.pl\/?page_id=16\" \/>\n<meta property=\"og:site_name\" content=\"Rewitalizacja Kalisz\" \/>\n<meta property=\"article:publisher\" content=\"https:\/\/www.facebook.com\/rewitalizacjakalisz\" \/>\n<meta property=\"article:modified_time\" content=\"2018-10-02T08:51:14+00:00\" \/>\n<meta name=\"twitter:card\" content=\"summary_large_image\" \/>\n<meta name=\"twitter:label1\" content=\"Szacowany czas czytania\" \/>\n\t<meta name=\"twitter:data1\" content=\"7 minut\" \/>\n<script type=\"application\/ld+json\" class=\"yoast-schema-graph\">{\"@context\":\"https:\/\/schema.org\",\"@graph\":[{\"@type\":\"WebPage\",\"@id\":\"https:\/\/rewitalizacjakalisz.pl\/?page_id=16\",\"url\":\"https:\/\/rewitalizacjakalisz.pl\/?page_id=16\",\"name\":\"Konsultacje spo\u0142eczne - Rewitalizacja Kalisz\",\"isPartOf\":{\"@id\":\"https:\/\/rewitalizacjakalisz.pl\/#website\"},\"datePublished\":\"2016-09-26T16:33:24+00:00\",\"dateModified\":\"2018-10-02T08:51:14+00:00\",\"breadcrumb\":{\"@id\":\"https:\/\/rewitalizacjakalisz.pl\/?page_id=16#breadcrumb\"},\"inLanguage\":\"pl-PL\",\"potentialAction\":[{\"@type\":\"ReadAction\",\"target\":[\"https:\/\/rewitalizacjakalisz.pl\/?page_id=16\"]}]},{\"@type\":\"BreadcrumbList\",\"@id\":\"https:\/\/rewitalizacjakalisz.pl\/?page_id=16#breadcrumb\",\"itemListElement\":[{\"@type\":\"ListItem\",\"position\":1,\"name\":\"Strona g\u0142\u00f3wna\",\"item\":\"https:\/\/rewitalizacjakalisz.pl\/\"},{\"@type\":\"ListItem\",\"position\":2,\"name\":\"Konsultacje spo\u0142eczne\"}]},{\"@type\":\"WebSite\",\"@id\":\"https:\/\/rewitalizacjakalisz.pl\/#website\",\"url\":\"https:\/\/rewitalizacjakalisz.pl\/\",\"name\":\"Rewitalizacja Kalisz\",\"description\":\"Portal kaliskiej rewitalizacji\",\"publisher\":{\"@id\":\"https:\/\/rewitalizacjakalisz.pl\/#organization\"},\"potentialAction\":[{\"@type\":\"SearchAction\",\"target\":{\"@type\":\"EntryPoint\",\"urlTemplate\":\"https:\/\/rewitalizacjakalisz.pl\/?s={search_term_string}\"},\"query-input\":{\"@type\":\"PropertyValueSpecification\",\"valueRequired\":true,\"valueName\":\"search_term_string\"}}],\"inLanguage\":\"pl-PL\"},{\"@type\":\"Organization\",\"@id\":\"https:\/\/rewitalizacjakalisz.pl\/#organization\",\"name\":\"Urz\u0105d Miasta Kalisza Biuro Rewitalizacji\",\"url\":\"https:\/\/rewitalizacjakalisz.pl\/\",\"logo\":{\"@type\":\"ImageObject\",\"inLanguage\":\"pl-PL\",\"@id\":\"https:\/\/rewitalizacjakalisz.pl\/#\/schema\/logo\/image\/\",\"url\":\"https:\/\/rewitalizacjakalisz.pl\/wp-content\/uploads\/2019\/05\/logo-rewitalizacja.png\",\"contentUrl\":\"https:\/\/rewitalizacjakalisz.pl\/wp-content\/uploads\/2019\/05\/logo-rewitalizacja.png\",\"width\":1112,\"height\":1634,\"caption\":\"Urz\u0105d Miasta Kalisza Biuro Rewitalizacji\"},\"image\":{\"@id\":\"https:\/\/rewitalizacjakalisz.pl\/#\/schema\/logo\/image\/\"},\"sameAs\":[\"https:\/\/www.facebook.com\/rewitalizacjakalisz\"]}]}<\/script>\n<!-- \/ Yoast SEO plugin. -->","yoast_head_json":{"title":"Konsultacje spo\u0142eczne - Rewitalizacja Kalisz","robots":{"index":"index","follow":"follow","max-snippet":"max-snippet:-1","max-image-preview":"max-image-preview:large","max-video-preview":"max-video-preview:-1"},"canonical":"https:\/\/rewitalizacjakalisz.pl\/?page_id=16","og_locale":"pl_PL","og_type":"article","og_title":"Konsultacje spo\u0142eczne - Rewitalizacja Kalisz","og_url":"https:\/\/rewitalizacjakalisz.pl\/?page_id=16","og_site_name":"Rewitalizacja Kalisz","article_publisher":"https:\/\/www.facebook.com\/rewitalizacjakalisz","article_modified_time":"2018-10-02T08:51:14+00:00","twitter_card":"summary_large_image","twitter_misc":{"Szacowany czas czytania":"7 minut"},"schema":{"@context":"https:\/\/schema.org","@graph":[{"@type":"WebPage","@id":"https:\/\/rewitalizacjakalisz.pl\/?page_id=16","url":"https:\/\/rewitalizacjakalisz.pl\/?page_id=16","name":"Konsultacje spo\u0142eczne - Rewitalizacja Kalisz","isPartOf":{"@id":"https:\/\/rewitalizacjakalisz.pl\/#website"},"datePublished":"2016-09-26T16:33:24+00:00","dateModified":"2018-10-02T08:51:14+00:00","breadcrumb":{"@id":"https:\/\/rewitalizacjakalisz.pl\/?page_id=16#breadcrumb"},"inLanguage":"pl-PL","potentialAction":[{"@type":"ReadAction","target":["https:\/\/rewitalizacjakalisz.pl\/?page_id=16"]}]},{"@type":"BreadcrumbList","@id":"https:\/\/rewitalizacjakalisz.pl\/?page_id=16#breadcrumb","itemListElement":[{"@type":"ListItem","position":1,"name":"Strona g\u0142\u00f3wna","item":"https:\/\/rewitalizacjakalisz.pl\/"},{"@type":"ListItem","position":2,"name":"Konsultacje spo\u0142eczne"}]},{"@type":"WebSite","@id":"https:\/\/rewitalizacjakalisz.pl\/#website","url":"https:\/\/rewitalizacjakalisz.pl\/","name":"Rewitalizacja Kalisz","description":"Portal kaliskiej rewitalizacji","publisher":{"@id":"https:\/\/rewitalizacjakalisz.pl\/#organization"},"potentialAction":[{"@type":"SearchAction","target":{"@type":"EntryPoint","urlTemplate":"https:\/\/rewitalizacjakalisz.pl\/?s={search_term_string}"},"query-input":{"@type":"PropertyValueSpecification","valueRequired":true,"valueName":"search_term_string"}}],"inLanguage":"pl-PL"},{"@type":"Organization","@id":"https:\/\/rewitalizacjakalisz.pl\/#organization","name":"Urz\u0105d Miasta Kalisza Biuro Rewitalizacji","url":"https:\/\/rewitalizacjakalisz.pl\/","logo":{"@type":"ImageObject","inLanguage":"pl-PL","@id":"https:\/\/rewitalizacjakalisz.pl\/#\/schema\/logo\/image\/","url":"https:\/\/rewitalizacjakalisz.pl\/wp-content\/uploads\/2019\/05\/logo-rewitalizacja.png","contentUrl":"https:\/\/rewitalizacjakalisz.pl\/wp-content\/uploads\/2019\/05\/logo-rewitalizacja.png","width":1112,"height":1634,"caption":"Urz\u0105d Miasta Kalisza Biuro Rewitalizacji"},"image":{"@id":"https:\/\/rewitalizacjakalisz.pl\/#\/schema\/logo\/image\/"},"sameAs":["https:\/\/www.facebook.com\/rewitalizacjakalisz"]}]}},"jetpack_sharing_enabled":true,"_links":{"self":[{"href":"https:\/\/rewitalizacjakalisz.pl\/index.php?rest_route=\/wp\/v2\/pages\/16","targetHints":{"allow":["GET"]}}],"collection":[{"href":"https:\/\/rewitalizacjakalisz.pl\/index.php?rest_route=\/wp\/v2\/pages"}],"about":[{"href":"https:\/\/rewitalizacjakalisz.pl\/index.php?rest_route=\/wp\/v2\/types\/page"}],"author":[{"embeddable":true,"href":"https:\/\/rewitalizacjakalisz.pl\/index.php?rest_route=\/wp\/v2\/users\/1"}],"replies":[{"embeddable":true,"href":"https:\/\/rewitalizacjakalisz.pl\/index.php?rest_route=%2Fwp%2Fv2%2Fcomments&post=16"}],"version-history":[{"count":27,"href":"https:\/\/rewitalizacjakalisz.pl\/index.php?rest_route=\/wp\/v2\/pages\/16\/revisions"}],"predecessor-version":[{"id":75,"href":"https:\/\/rewitalizacjakalisz.pl\/index.php?rest_route=\/wp\/v2\/pages\/16\/revisions\/75"}],"wp:attachment":[{"href":"https:\/\/rewitalizacjakalisz.pl\/index.php?rest_route=%2Fwp%2Fv2%2Fmedia&parent=16"}],"curies":[{"name":"wp","href":"https:\/\/api.w.org\/{rel}","templated":true}]}}